{"id":1549,"date":"2023-11-28T14:10:37","date_gmt":"2023-11-28T14:10:37","guid":{"rendered":"https:\/\/kcb-studio.com\/about-kcb-studio\/"},"modified":"2023-12-28T14:34:56","modified_gmt":"2023-12-28T14:34:56","slug":"about-kcb-studio","status":"publish","type":"page","link":"https:\/\/kcb-studio.com\/es\/about-kcb-studio\/","title":{"rendered":"sobre KCB-Studio"},"content":{"rendered":"\n<style type=\"text\/css\" data-created_by=\"avia_inline_auto\" id=\"style-css-av-159bfo-608c210626a9c3f84a2b203accafc7ce\">\n.avia-section.av-159bfo-608c210626a9c3f84a2b203accafc7ce .av-parallax .av-parallax-inner{\nbackground-color:#000000;\nbackground-repeat:no-repeat;\nbackground-image:url(https:\/\/kcb-studio.com\/wp-content\/uploads\/2023\/11\/Back-KCB-web1-scaled.jpg);\nbackground-position:50% 0%;\nbackground-attachment:scroll;\n}\n.avia-section.av-159bfo-608c210626a9c3f84a2b203accafc7ce .av-extra-border-element .av-extra-border-inner{\nbackground-color:#000000;\n}\n<\/style>\n<div id='story'  class='avia-section av-159bfo-608c210626a9c3f84a2b203accafc7ce main_color avia-section-huge avia-no-border-styling  avia-builder-el-0  avia-builder-el-no-sibling  avia-full-contain av-parallax-section avia-bg-style-parallax av-arrow-down-section container_wrap fullsize'  data-section-bg-repeat='contain'><div class='av-parallax' data-avia-parallax-ratio='0.3' ><div class='av-parallax-inner main_color avia-full-contain'><\/div><\/div><div class='container av-section-cont-open' ><main  role=\"main\" itemprop=\"mainContentOfPage\"  class='template-page content  av-content-full alpha units'><div class='post-entry post-entry-type-page post-entry-1549'><div class='entry-content-wrapper clearfix'>\n\n<style type=\"text\/css\" data-created_by=\"avia_inline_auto\" id=\"style-css-av-w9nfg-39a234907f0cc4a8a6c82b827995db70\">\n#top .hr.hr-invisible.av-w9nfg-39a234907f0cc4a8a6c82b827995db70{\nheight:80px;\n}\n<\/style>\n<div  class='hr av-w9nfg-39a234907f0cc4a8a6c82b827995db70 hr-invisible  avia-builder-el-1  el_before_av_hr  avia-builder-el-first '><span class='hr-inner '><span class=\"hr-inner-style\"><\/span><\/span><\/div>\n\n<style type=\"text\/css\" data-created_by=\"avia_inline_auto\" id=\"style-css-av-1w0ac-68f1a1c4f049eb92d6b171c1cd7f8513\">\n#top .hr.hr-invisible.av-1w0ac-68f1a1c4f049eb92d6b171c1cd7f8513{\nheight:80px;\n}\n<\/style>\n<div  class='hr av-1w0ac-68f1a1c4f049eb92d6b171c1cd7f8513 hr-invisible  avia-builder-el-2  el_after_av_hr  el_before_av_heading '><span class='hr-inner '><span class=\"hr-inner-style\"><\/span><\/span><\/div>\n\n<style type=\"text\/css\" data-created_by=\"avia_inline_auto\" id=\"style-css-av-lqjhjbu4-2e7ec3e579ca49f8352eb3c39e268061\">\n#top .av-special-heading.av-lqjhjbu4-2e7ec3e579ca49f8352eb3c39e268061{\npadding-bottom:10px;\ncolor:#ffffff;\nfont-size:73px;\n}\nbody .av-special-heading.av-lqjhjbu4-2e7ec3e579ca49f8352eb3c39e268061 .av-special-heading-tag .heading-char{\nfont-size:25px;\n}\n#top #wrap_all .av-special-heading.av-lqjhjbu4-2e7ec3e579ca49f8352eb3c39e268061 .av-special-heading-tag{\nfont-size:73px;\n}\n.av-special-heading.av-lqjhjbu4-2e7ec3e579ca49f8352eb3c39e268061 .special-heading-inner-border{\nborder-color:#ffffff;\n}\n.av-special-heading.av-lqjhjbu4-2e7ec3e579ca49f8352eb3c39e268061 .av-subheading{\nfont-size:23px;\n}\n\n@media only screen and (min-width: 768px) and (max-width: 989px){ \n#top #wrap_all .av-special-heading.av-lqjhjbu4-2e7ec3e579ca49f8352eb3c39e268061 .av-special-heading-tag{\nfont-size:48px;\n}\n}\n\n@media only screen and (min-width: 480px) and (max-width: 767px){ \n#top #wrap_all .av-special-heading.av-lqjhjbu4-2e7ec3e579ca49f8352eb3c39e268061 .av-special-heading-tag{\nfont-size:50px;\n}\n}\n\n@media only screen and (max-width: 479px){ \n#top #wrap_all .av-special-heading.av-lqjhjbu4-2e7ec3e579ca49f8352eb3c39e268061 .av-special-heading-tag{\nfont-size:35px;\n}\n}\n<\/style>\n<div  class='av-special-heading av-lqjhjbu4-2e7ec3e579ca49f8352eb3c39e268061 av-special-heading-h1 custom-color-heading blockquote modern-quote  avia-builder-el-3  el_after_av_hr  el_before_av_hr  av-inherit-size'><h1 class='av-special-heading-tag'  itemprop=\"headline\"  >Katya Cuevas Bercovich<\/h1><div class='av_custom_color av-subheading av-subheading_below'><p>Comunicaci\u00f3n, dise\u00f1o e imagen para Ciencia, Arte y Tecnolog\u00eda.<\/p>\n<\/div><div class=\"special-heading-border\"><div class=\"special-heading-inner-border\"><\/div><\/div><\/div>\n\n<style type=\"text\/css\" data-created_by=\"avia_inline_auto\" id=\"style-css-av-8s3m4-0426e84c596d9339839d7762ea93b8df\">\n#top .hr.hr-invisible.av-8s3m4-0426e84c596d9339839d7762ea93b8df{\nheight:80px;\n}\n<\/style>\n<div  class='hr av-8s3m4-0426e84c596d9339839d7762ea93b8df hr-invisible  avia-builder-el-4  el_after_av_heading  el_before_av_one_third '><span class='hr-inner '><span class=\"hr-inner-style\"><\/span><\/span><\/div>\n<div class='flex_column av-h4d10-c581d330427b1cf1bfa4d3ac78974984 av_one_third  avia-builder-el-5  el_after_av_hr  el_before_av_three_fifth  first flex_column_div '   ><style type=\"text\/css\" data-created_by=\"avia_inline_auto\" id=\"style-css-av-lqjg0uby-1f0ea47da5a111986beaa739aa6927e8\">\n.avia-image-container.av-lqjg0uby-1f0ea47da5a111986beaa739aa6927e8 .av-image-caption-overlay-center{\ncolor:#ffffff;\n}\n<\/style>\n<div  class='avia-image-container av-lqjg0uby-1f0ea47da5a111986beaa739aa6927e8 av-styling-circle avia_animated_image avia_animate_when_almost_visible pop-up avia-align-center  avia-builder-el-6  avia-builder-el-no-sibling '  itemprop=\"image\" itemscope=\"itemscope\" itemtype=\"https:\/\/schema.org\/ImageObject\" ><div class=\"avia-image-container-inner\"><div class=\"avia-image-overlay-wrap\"><img decoding=\"async\" class='wp-image-1605 avia-img-lazy-loading-not-1605 avia_image' src=\"https:\/\/kcb-studio.com\/wp-content\/uploads\/2023\/12\/Katya-web.jpg\" alt='' title='Katya-web'  height=\"794\" width=\"799\"  itemprop=\"thumbnailUrl\" srcset=\"https:\/\/kcb-studio.com\/wp-content\/uploads\/2023\/12\/Katya-web.jpg 799w, https:\/\/kcb-studio.com\/wp-content\/uploads\/2023\/12\/Katya-web-300x298.jpg 300w, https:\/\/kcb-studio.com\/wp-content\/uploads\/2023\/12\/Katya-web-80x80.jpg 80w, https:\/\/kcb-studio.com\/wp-content\/uploads\/2023\/12\/Katya-web-768x763.jpg 768w, https:\/\/kcb-studio.com\/wp-content\/uploads\/2023\/12\/Katya-web-36x36.jpg 36w, https:\/\/kcb-studio.com\/wp-content\/uploads\/2023\/12\/Katya-web-180x180.jpg 180w, https:\/\/kcb-studio.com\/wp-content\/uploads\/2023\/12\/Katya-web-705x701.jpg 705w\" sizes=\"(max-width: 799px) 100vw, 799px\" \/><\/div><\/div><\/div><\/div><div class='flex_column av-bls3w-288c9258d3fd64fe931367100c5b985a av_three_fifth  avia-builder-el-7  el_after_av_one_third  avia-builder-el-last  flex_column_div '   ><style type=\"text\/css\" data-created_by=\"avia_inline_auto\" id=\"style-css-av-lqjgbwg3-028a25ae7a27ee958ff3847ae369b5cd\">\n#top .av_textblock_section.av-lqjgbwg3-028a25ae7a27ee958ff3847ae369b5cd .avia_textblock{\nfont-size:22px;\ncolor:#ffffff;\n}\n<\/style>\n<section  class='av_textblock_section av-lqjgbwg3-028a25ae7a27ee958ff3847ae369b5cd'  itemscope=\"itemscope\" itemtype=\"https:\/\/schema.org\/CreativeWork\" ><div class='avia_textblock av_inherit_color'  itemprop=\"text\" ><p style=\"text-align: justify;\">Soy mexicana, resido en Espa\u00f1a desde noviembre de 2007.\u00a0 Estudi\u00e9 Ciencias de la Comunicaci\u00f3n en la <a href=\"https:\/\/ibero.mx\/\" target=\"_blank\" rel=\"noopener\">Universidad Intercontinental UIC<\/a> , despu\u00e9s una especialidad en Marketing en la <a href=\"https:\/\/ibero.mx\/\" target=\"_blank\" rel=\"noopener\">Universidad Iberoamericana<\/a>. En 2007 vine a Espa\u00f1a con una beca para realizar un m\u00e1ster en Aplicaciones Multimedia para Internet en la <a href=\"https:\/\/www.upv.es\/\" target=\"_blank\" rel=\"noopener\">Universitat Polit\u00e8cnica de Val\u00e8ncia (UPV)<\/a> gracias a mi trabajo en <a href=\"https:\/\/www.pemex.com\/\" target=\"_blank\" rel=\"noopener\">Petr\u00f3leos Mexicanos (PEMEX)<\/a>. Durante mi estancia en la UPV, tuve el privilegio de conocer al <a href=\"https:\/\/avelinocorma.com\" target=\"_blank\" rel=\"noopener\">Profesor Avelino Corma<\/a>, entonces director del <a href=\"https:\/\/itq.upv-csic.es\/\" target=\"_blank\" rel=\"noopener\">Instituto de Tecnolog\u00eda Qu\u00edmica (ITQ-UPV-CSIC)<\/a>. El profesor Corma confi\u00f3 en m\u00ed proyecto de m\u00e1ster, \u00abPEMEX RH en l\u00ednea\u00bb presentando la primera videoconferencia de mi proyecto. Este evento fue el punto de partida para el inicio de un proyecto de investigaci\u00f3n de cuatro a\u00f1os entre PEMEX y el ITQ. Posteriormente, me cas\u00e9 con un espa\u00f1ol, lo que me llev\u00f3 a establecerme permanentemente en Espa\u00f1a y as\u00ed iniciar un nuevo trabajo en el ITQ con el profesor Corma, quien me encomend\u00f3 la tarea de crear la imagen del Instituto.<\/p>\n<p style=\"text-align: justify;\">Dise\u00f1\u00e9 el logotipo, establec\u00ed las pautas para el branding, trabaj\u00e9 en el dise\u00f1o de la p\u00e1gina web, realic\u00e9 investigaciones para los contenidos, entre otras responsabilidades relacionadas con la comunicaci\u00f3n, la imagen y el dise\u00f1o para el Instituto, as\u00ed como para los eventos y congresos internacionales en los que participa. Simult\u00e1neamente, comenc\u00e9 a dise\u00f1ar portadas y contraportadas para revistas cient\u00edficas internacionales, lo cual siempre supone un desaf\u00edo que disfruto enormemente. Hasta ahora, he tenido la fortuna de que se publiquen cerca de treinta de mis dise\u00f1os. Puedes ver algunos de ellos en esta p\u00e1gina web.<\/p>\n<p style=\"text-align: justify;\">Antes de unirme al ITQ y a PEMEX, trabaj\u00e9 en la agencia de Relaciones P\u00fablicas Internacional <a href=\"https:\/\/www.edelman.lat\/\" target=\"_blank\" rel=\"noopener\">Edelman<\/a>, donde adquir\u00ed habilidades para presentar estrategias de comunicaci\u00f3n y marketing a nuestros clientes, siendo una etapa de gran aprendizaje.<\/p>\n<p style=\"text-align: justify;\">Antes, trabaj\u00e9 en <a href=\"https:\/\/www.tvazteca.com\/\" target=\"_blank\" rel=\"noopener\">TV Azteca<\/a>, una de las principales televisoras de M\u00e9xico, tuve la oportunidad de salir al aire como reportera de cultura y espect\u00e1culos. Anteriormente, en la <a href=\"https:\/\/www.cinetecanacional.net\/\" target=\"_blank\" rel=\"noopener\">Cineteca Nacional<\/a>, obtuve experiencia en el \u00e1rea de programaci\u00f3n y relaciones p\u00fablicas sumando numerosas horas de cine de calidad. Hice algunos trabajos de corta duraci\u00f3n para empresas como Televisa, Burson Marsteller, Colegio de Arquitectos, Aqlara, etc&#8230;<\/p>\n<p style=\"text-align: justify;\">Me apasiona el trabajo, especialmente cuando est\u00e1 relacionado con la comunicaci\u00f3n, la imagen, el dise\u00f1o, el marketing y la ciencia. A lo largo de mi carrera, he valorado enormemente a mis jefes y compa\u00f1eros de trabajo, quienes han contribuido significativamente a mi crecimiento profesional y personal. Me encanta escuchar podcasts y leer sobre IA, ciencia, tecnolog\u00eda, crecimiento personal, marketing y salud.<\/p>\n<p>Puedes ver m\u00e1s informaci\u00f3n en mi perfil de <a href=\"https:\/\/www.linkedin.com\/in\/katyacuevas\/\" target=\"_blank\" rel=\"noopener\">LinkedIN<\/a><\/p>\n<\/div><\/section><\/div>\n","protected":false},"excerpt":{"rendered":"","protected":false},"author":1,"featured_media":0,"parent":0,"menu_order":0,"comment_status":"closed","ping_status":"closed","template":"","meta":{"footnotes":""},"wf_page_folders":[],"class_list":["post-1549","page","type-page","status-publish","hentry"],"aioseo_notices":[],"_links":{"self":[{"href":"https:\/\/kcb-studio.com\/es\/wp-json\/wp\/v2\/pages\/1549","targetHints":{"allow":["GET"]}}],"collection":[{"href":"https:\/\/kcb-studio.com\/es\/wp-json\/wp\/v2\/pages"}],"about":[{"href":"https:\/\/kcb-studio.com\/es\/wp-json\/wp\/v2\/types\/page"}],"author":[{"embeddable":true,"href":"https:\/\/kcb-studio.com\/es\/wp-json\/wp\/v2\/users\/1"}],"replies":[{"embeddable":true,"href":"https:\/\/kcb-studio.com\/es\/wp-json\/wp\/v2\/comments?post=1549"}],"version-history":[{"count":11,"href":"https:\/\/kcb-studio.com\/es\/wp-json\/wp\/v2\/pages\/1549\/revisions"}],"predecessor-version":[{"id":1643,"href":"https:\/\/kcb-studio.com\/es\/wp-json\/wp\/v2\/pages\/1549\/revisions\/1643"}],"wp:attachment":[{"href":"https:\/\/kcb-studio.com\/es\/wp-json\/wp\/v2\/media?parent=1549"}],"wp:term":[{"taxonomy":"wf_page_folders","embeddable":true,"href":"https:\/\/kcb-studio.com\/es\/wp-json\/wp\/v2\/wf_page_folders?post=1549"}],"curies":[{"name":"wp","href":"https:\/\/api.w.org\/{rel}","templated":true}]}}